
{"id":20,"date":"2018-09-19T19:53:57","date_gmt":"2018-09-19T19:53:57","guid":{"rendered":"http:\/\/coopersive.com.ar\/?page_id=20"},"modified":"2025-07-07T20:20:42","modified_gmt":"2025-07-07T20:20:42","slug":"energia-electrica","status":"publish","type":"page","link":"https:\/\/coopersive.com.ar\/index.php\/energia-electrica\/","title":{"rendered":"Energ\u00eda El\u00e9ctrica"},"content":{"rendered":"<p>[et_pb_section bb_built=\u00bb1&#8243;][et_pb_row][et_pb_column type=\u00bb4_4&#8243;][et_pb_text _builder_version=\u00bb3.14&#8243;]<\/p>\n<h1>Energ\u00eda El\u00e9ctrica<\/h1>\n<p>El \u00e1rea de concesi\u00f3n para la Distribuci\u00f3n de Energ\u00eda El\u00e9ctrica de Coopersive Ltda. abarca una extensi\u00f3n de 746,90<br \/>\nkm2, dando servicio a dos partidos de la Provincia de Buenos Aires: Tornquist (seg\u00fan ordenanza 642\/91) y Coronel<br \/>\nSu\u00e1rez (a trav\u00e9s de la ordenanza 3149\/96).<\/p>\n<p>Para el suministro de sus aproximadamente 2.800 usuarios del servicio el\u00e9ctrico, la entidad cuenta con una<br \/>\nSubestaci\u00f3n Transformadora (SET) 33\/13,2kV-5000\/7500kVA ONAN\/ONAF, formada por cuatro campos entre<br \/>\nentradas y salidas, construida entre 2018 y 2019 con recursos propios y el apoyo activo de la empresa EDES SA<br \/>\n(inaugur\u00e1ndose el 24-may-2019). La SET es alimentada por una l\u00ednea a\u00e9rea de media tensi\u00f3n de 33kV, con una<br \/>\nlongitud de 11 km que la une a la Subestaci\u00f3n Transformadora Saldungaray. La construcci\u00f3n de la SET parti\u00f3 de un<br \/>\ndise\u00f1o que permita el acompa\u00f1amiento de la demanda, posibilitando crecer en potencia a la par de la comunidad y de<br \/>\nlos actuales emprendimientos urban\u00edsticos en la comarca en ejecuci\u00f3n (\u201cJardines del Pillahuinco\u201d, \u201cCerro Ceferino\u201d y<br \/>\n\u201cLas Verbenas\u201d), donde a futuro se suministrar\u00e1 energ\u00eda para m\u00e1s de 1.000 nuevos usuarios.<\/p>\n<p>En lo que respecta al ejido urbano y rural contamos con una red de distribuci\u00f3n en 13.2kV que alimenta 44<br \/>\ntransformadores repartidos entre ambos, y redes en baja tensi\u00f3n preensambladas que suministran energ\u00eda el\u00e9ctrica a<br \/>\nlos asociados.<\/p>\n<p>Adem\u00e1s de la SET, entre las instalaciones de distribuci\u00f3n se encuentra una moderna Sala El\u00e9ctrica de Media Tensi\u00f3n,<br \/>\ndel Tipo Interior, que se ubica en el predio de la base de Coopersive Ltda., y que posibilita efectuar maniobras<br \/>\nindependientes entre Villa la Arcadia, Barrio Golf y resto de Sierra de la Ventana.<\/p>\n<p>Las redes son mantenidas por un plantel de 7 operarios, los que realizan los trabajos diarios de mantenimiento,<br \/>\nreparaci\u00f3n y construcci\u00f3n, atendiendo a su vez las necesidades particulares de los usuarios.<br \/>\nLa flota vehicular de la Cooperativa est\u00e1 compuesta por un cami\u00f3n con hidrogr\u00faa, dos auto elevadores, una camioneta<br \/>\n4&#215;4 y dos veh\u00edculos utilitarios.<\/p>\n<p>Desde el a\u00f1o 2013 nos encontramos dentro de las distribuidoras en R\u00e9gimen de Calidad de Servicio T\u00e9cnico y<br \/>\nProducto. Debido a esto, se realizan en forma permanente mediciones con registradores ubicados seg\u00fan sorteos del<br \/>\nOrganismo de Control de la Energ\u00eda El\u00e9ctrica de la Provincia de Buenos Aires (OCEBA).<\/p>\n<p>Atentos a lo indicado en la Ley 14.988 de electro dependientes, poseemos generadores dedicados para usuarios cuya<br \/>\nvida dependa de la continuidad del suministro el\u00e9ctrico, adem\u00e1s de un tratamiento tarifario especial.<\/p>\n<p>[\/et_pb_text][\/et_pb_column][\/et_pb_row][et_pb_row admin_label=\u00bbSeguridad\u00bb _builder_version=\u00bb3.14&#8243; module_alignment=\u00bbcenter\u00bb][et_pb_column type=\u00bb1_2&#8243;][et_pb_button _builder_version=\u00bb3.14&#8243; button_text=\u00bbSeguridad en la v\u00eda p\u00fablica\u00bb button_url=\u00bbhttps:\/\/coopersive.com.ar\/index.php\/seguridad-electrica\/\u00bb background_layout=\u00bbdark\u00bb \/][\/et_pb_column][et_pb_column type=\u00bb1_2&#8243;][et_pb_button _builder_version=\u00bb3.14&#8243; button_text=\u00bbSeguridad en el hogar\u00bb button_url=\u00bbhttps:\/\/coopersive.com.ar\/index.php\/seguridad-electrica\/#hogar\u00bb background_layout=\u00bbdark\u00bb \/][\/et_pb_column][\/et_pb_row][\/et_pb_section]<\/p>\n","protected":false},"excerpt":{"rendered":"<p>[et_pb_section bb_built=\u00bb1&#8243;][et_pb_row][et_pb_column type=\u00bb4_4&#8243;][et_pb_text _builder_version=\u00bb3.14&#8243;] Energ\u00eda El\u00e9ctrica El \u00e1rea de concesi\u00f3n para la Distribuci\u00f3n de Energ\u00eda El\u00e9ctrica de Coopersive Ltda. abarca una extensi\u00f3n de 746,90 km2, dando servicio a dos partidos de la Provincia de Buenos Aires: Tornquist (seg\u00fan ordenanza 642\/91) y Coronel Su\u00e1rez (a trav\u00e9s de la ordenanza 3149\/96). Para el suministro de sus aproximadamente [&hellip;]<\/p>\n","protected":false},"author":2,"featured_media":0,"parent":0,"menu_order":0,"comment_status":"closed","ping_status":"closed","template":"","meta":[],"_links":{"self":[{"href":"https:\/\/coopersive.com.ar\/index.php\/wp-json\/wp\/v2\/pages\/20"}],"collection":[{"href":"https:\/\/coopersive.com.ar\/index.php\/wp-json\/wp\/v2\/pages"}],"about":[{"href":"https:\/\/coopersive.com.ar\/index.php\/wp-json\/wp\/v2\/types\/page"}],"author":[{"embeddable":true,"href":"https:\/\/coopersive.com.ar\/index.php\/wp-json\/wp\/v2\/users\/2"}],"replies":[{"embeddable":true,"href":"https:\/\/coopersive.com.ar\/index.php\/wp-json\/wp\/v2\/comments?post=20"}],"version-history":[{"count":14,"href":"https:\/\/coopersive.com.ar\/index.php\/wp-json\/wp\/v2\/pages\/20\/revisions"}],"predecessor-version":[{"id":3472,"href":"https:\/\/coopersive.com.ar\/index.php\/wp-json\/wp\/v2\/pages\/20\/revisions\/3472"}],"wp:attachment":[{"href":"https:\/\/coopersive.com.ar\/index.php\/wp-json\/wp\/v2\/media?parent=20"}],"curies":[{"name":"wp","href":"https:\/\/api.w.org\/{rel}","templated":true}]}}