
{"id":2543,"date":"2021-11-24T18:44:11","date_gmt":"2021-11-24T18:44:11","guid":{"rendered":"http:\/\/coopersive.coop\/?page_id=2543"},"modified":"2025-07-03T11:15:24","modified_gmt":"2025-07-03T11:15:24","slug":"tarifario","status":"publish","type":"page","link":"https:\/\/coopersive.com.ar\/index.php\/tarifario\/","title":{"rendered":"Tarifario"},"content":{"rendered":"<h3>Internet<\/h3>\n<p>Tarifas v\u00e1lidas a partir del 01 de julio de 2025<\/p>\n<table style=\"border-collapse: collapse; width: 156.03pt;\" border=\"0\" width=\"208\" cellspacing=\"0\" cellpadding=\"0\">\n<tbody>\n<tr style=\"height: 12.75pt;\">\n<td class=\"et3\" style=\"height: 12.75pt; width: 96.00pt;\" width=\"128\" height=\"17\">PLAN 30\/10<\/td>\n<td class=\"et4\" style=\"width: 60.50pt;\" align=\"right\" width=\"80\">18,900.00<\/td>\n<\/tr>\n<tr style=\"height: 12.75pt;\">\n<td class=\"et3\" style=\"height: 12.75pt;\" height=\"17\">PLAN 50\/30<\/td>\n<td class=\"et4\" align=\"right\">24,150.00<\/td>\n<\/tr>\n<tr style=\"height: 12.75pt;\">\n<td class=\"et3\" style=\"height: 12.75pt;\" height=\"17\">PLAN 100\/50<\/td>\n<td class=\"et4\" align=\"right\">34,650.00<\/td>\n<\/tr>\n<tr style=\"height: 12.75pt;\">\n<td class=\"et3\" style=\"height: 12.75pt;\" height=\"17\">PLAN 100\/100<\/td>\n<td class=\"et4\" align=\"right\">41,500.00<\/td>\n<\/tr>\n<tr style=\"height: 12.75pt;\">\n<td class=\"et3\" style=\"height: 12.75pt;\" height=\"17\">PLAN 200\/100<\/td>\n<td class=\"et4\" align=\"right\">52,000.00<\/td>\n<\/tr>\n<tr style=\"height: 12.75pt;\">\n<td class=\"et3\" style=\"height: 12.75pt;\" height=\"17\">Intenet por d\u00eda<\/td>\n<td class=\"et4\" align=\"right\">3,000.00<\/td>\n<\/tr>\n<tr style=\"height: 12.75pt;\">\n<td class=\"et3\" style=\"height: 12.75pt;\" height=\"17\">Plan fin de semana<\/td>\n<td class=\"et5\" align=\"right\">60.0%<\/td>\n<\/tr>\n<\/tbody>\n<\/table>\n<p>Internet por d\u00eda: solamente abono b\u00e1sico 30\/10<\/p>\n<p>Plan fin de semana: 60% el costo abono contratado. Se habilita los viernes a las 12 horas hasta los lunes a las 12 horas.<\/p>\n<h3>Servicio de Televisi\u00f3n por Internet (IPTV &#8211; incluye Plan 50\/30 Mb Internet) &#8211; Precios bonificados. Precio adicional por sobre el plan de Internet.<\/h3>\n<p>Tarifas v\u00e1lidas a partir del 01 de julio de 2025.<\/p>\n<table style=\"border-collapse: collapse; width: 348.02pt;\" border=\"0\" width=\"464\" cellspacing=\"0\" cellpadding=\"0\">\n<tbody>\n<tr style=\"height: 15.00pt;\">\n<td class=\"et3\" style=\"height: 15.00pt; width: 271.65pt;\" width=\"362\" height=\"20\">B\u00e1sico<\/td>\n<td class=\"et5\" style=\"width: 76.85pt;\" align=\"right\" width=\"102\">10,500<\/td>\n<\/tr>\n<tr style=\"height: 15.00pt;\">\n<td class=\"et3\" style=\"height: 15.00pt;\" height=\"20\">B\u00e1sico + F\u00fatbol<\/td>\n<td class=\"et5\" align=\"right\">19,750<\/td>\n<\/tr>\n<tr style=\"height: 15.00pt;\">\n<td class=\"et3\" style=\"height: 15.00pt;\" height=\"20\">B\u00e1sico + HBO + Universal<\/td>\n<td class=\"et5\" align=\"right\">13,500<\/td>\n<\/tr>\n<tr style=\"height: 15.00pt;\">\n<td class=\"et3\" style=\"height: 15.00pt;\" height=\"20\">Full completo<\/td>\n<td class=\"et5\" align=\"right\">27,250<\/td>\n<\/tr>\n<tr style=\"height: 15.00pt;\">\n<td class=\"et3\" style=\"height: 15.00pt;\" height=\"20\">Mantenimiento STB adicional<\/td>\n<td class=\"et5\" align=\"right\">4,950<\/td>\n<\/tr>\n<tr style=\"height: 15.00pt;\">\n<td class=\"et3\" style=\"height: 15.00pt;\" height=\"20\">Plan por d\u00edas (solo b\u00e1sico)<\/td>\n<td class=\"et5\" align=\"right\">4,950<\/td>\n<\/tr>\n<tr style=\"height: 15.00pt;\">\n<td class=\"et3\" style=\"height: 15.00pt;\" height=\"20\">Plan fin de semana<\/td>\n<td class=\"et7\" align=\"right\">60.0%<\/td>\n<\/tr>\n<\/tbody>\n<\/table>\n<p>Plan fin de semana = 60% del costo pack contratado<\/p>\n<h3><\/h3>\n<h3>Sepelio<\/h3>\n<p>Tarifas v\u00e1lidas a partir del 01 de junio de 2025.<\/p>\n<table style=\"border-collapse: collapse; width: 186.78pt;\" border=\"0\" width=\"249\" cellspacing=\"0\" cellpadding=\"0\">\n<tbody>\n<tr style=\"height: 15.75pt;\">\n<td class=\"et2\" style=\"height: 15.75pt; width: 112.80pt;\" width=\"150\" height=\"21\"><strong>CATEGOR\u00cdA<\/strong><\/td>\n<td class=\"et3\" style=\"width: 74.25pt;\" align=\"right\" width=\"99\"><strong>Jun-25<\/strong><\/td>\n<\/tr>\n<tr style=\"height: 15.75pt;\">\n<td style=\"height: 15.75pt;\" height=\"21\">Unipersonal<\/td>\n<td class=\"et4\" align=\"right\">8,300<\/td>\n<\/tr>\n<tr style=\"height: 15.00pt;\">\n<td style=\"height: 15.00pt;\" height=\"20\">Bipersonal<\/td>\n<td class=\"et4\" align=\"right\">12,250<\/td>\n<\/tr>\n<tr style=\"height: 15.00pt;\">\n<td style=\"height: 15.00pt;\" height=\"20\">Familia tipo (hasta 4 integrantes)<\/td>\n<td class=\"et4\" align=\"right\">18,400<\/td>\n<\/tr>\n<tr style=\"height: 15.75pt;\">\n<td style=\"height: 15.75pt;\" height=\"21\">Grupo ampliado (5 o 6 integrantes)<\/td>\n<td class=\"et4\" align=\"right\">26,000<\/td>\n<\/tr>\n<tr style=\"height: 16.50pt;\">\n<td style=\"height: 16.50pt;\" height=\"22\">Grupo numeroso (7 o m\u00e1s intgrantes)<\/td>\n<td class=\"et5\" align=\"right\">33,000<\/td>\n<\/tr>\n<\/tbody>\n<\/table>\n","protected":false},"excerpt":{"rendered":"<p>Internet Tarifas v\u00e1lidas a partir del 01 de julio de 2025 PLAN 30\/10 18,900.00 PLAN 50\/30 24,150.00 PLAN 100\/50 34,650.00 PLAN 100\/100 41,500.00 PLAN 200\/100 52,000.00 Intenet por d\u00eda 3,000.00 Plan fin de semana 60.0% Internet por d\u00eda: solamente abono b\u00e1sico 30\/10 Plan fin de semana: 60% el costo abono contratado. Se habilita los viernes [&hellip;]<\/p>\n","protected":false},"author":2,"featured_media":0,"parent":0,"menu_order":0,"comment_status":"closed","ping_status":"closed","template":"","meta":[],"_links":{"self":[{"href":"https:\/\/coopersive.com.ar\/index.php\/wp-json\/wp\/v2\/pages\/2543"}],"collection":[{"href":"https:\/\/coopersive.com.ar\/index.php\/wp-json\/wp\/v2\/pages"}],"about":[{"href":"https:\/\/coopersive.com.ar\/index.php\/wp-json\/wp\/v2\/types\/page"}],"author":[{"embeddable":true,"href":"https:\/\/coopersive.com.ar\/index.php\/wp-json\/wp\/v2\/users\/2"}],"replies":[{"embeddable":true,"href":"https:\/\/coopersive.com.ar\/index.php\/wp-json\/wp\/v2\/comments?post=2543"}],"version-history":[{"count":29,"href":"https:\/\/coopersive.com.ar\/index.php\/wp-json\/wp\/v2\/pages\/2543\/revisions"}],"predecessor-version":[{"id":3459,"href":"https:\/\/coopersive.com.ar\/index.php\/wp-json\/wp\/v2\/pages\/2543\/revisions\/3459"}],"wp:attachment":[{"href":"https:\/\/coopersive.com.ar\/index.php\/wp-json\/wp\/v2\/media?parent=2543"}],"curies":[{"name":"wp","href":"https:\/\/api.w.org\/{rel}","templated":true}]}}