
{"id":2984,"date":"2023-03-17T12:12:00","date_gmt":"2023-03-17T12:12:00","guid":{"rendered":"http:\/\/coopersive.coop\/?page_id=2984"},"modified":"2026-04-30T15:52:50","modified_gmt":"2026-04-30T15:52:50","slug":"home","status":"publish","type":"page","link":"https:\/\/coopersive.com.ar\/","title":{"rendered":"Home"},"content":{"rendered":"<p>[et_pb_section bb_built=\u00bb1&#8243; fullwidth=\u00bbon\u00bb _builder_version=\u00bb3.14&#8243; next_background_color=\u00bb#a546af\u00bb][et_pb_fullwidth_slider module_class=\u00bbfull-image-slider\u00bb _builder_version=\u00bb3.14&#8243; auto=\u00bbon\u00bb auto_speed=\u00bb5000&#8243;][et_pb_slide image=\u00bbhttps:\/\/coopersive.com.ar\/wp-content\/uploads\/2024\/07\/Banners-Coopersive-2.png\u00bb use_bg_overlay=\u00bboff\u00bb use_text_overlay=\u00bboff\u00bb _builder_version=\u00bb3.14&#8243; button_on_hover=\u00bbon\u00bb][\/et_pb_slide][et_pb_slide button_text=\u00bbConocer m\u00e1s\u00bb button_link=\u00bbhttps:\/\/coopersive.com.ar\/\u00bb image=\u00bbhttps:\/\/coopersive.com.ar\/wp-content\/uploads\/2024\/07\/Banners_FIBRA2.png\u00bb use_bg_overlay=\u00bboff\u00bb use_text_overlay=\u00bboff\u00bb admin_title=\u00bbFibra\u00bb _builder_version=\u00bb3.14&#8243; button_on_hover=\u00bbon\u00bb][\/et_pb_slide][et_pb_slide button_text=\u00bbConocer m\u00e1s\u00bb button_link=\u00bbhttps:\/\/coopersive.com.ar\/\u00bb image=\u00bbhttps:\/\/coopersive.com.ar\/wp-content\/uploads\/2024\/07\/Banners-TV3.png\u00bb use_bg_overlay=\u00bboff\u00bb use_text_overlay=\u00bboff\u00bb admin_title=\u00bbTV\u00bb _builder_version=\u00bb3.14&#8243; button_on_hover=\u00bbon\u00bb][\/et_pb_slide][\/et_pb_fullwidth_slider][\/et_pb_section][et_pb_section bb_built=\u00bb1&#8243; _builder_version=\u00bb3.14&#8243; background_color=\u00bb#a546af\u00bb prev_background_color=\u00bb#ffffff\u00bb next_background_color=\u00bb#ffffff\u00bb][et_pb_row _builder_version=\u00bb3.0.48&#8243; background_size=\u00bbinitial\u00bb background_position=\u00bbtop_left\u00bb background_repeat=\u00bbrepeat\u00bb][et_pb_column type=\u00bb3_5&#8243;][et_pb_text _builder_version=\u00bb3.14&#8243; text_text_color=\u00bb#ffffff\u00bb header_text_color=\u00bb#ffffff\u00bb]<\/p>\n<h1>Nueva Coopersive Digital<\/h1>\n<p>Recib\u00ed tus facturas v\u00eda email, whatsapp o descargarlas desde la p\u00e1gina web en cualquier momento.<br \/>\nPara adherirse s\u00f3lo necesit\u00e1s DNI a mano y completar un formularios con tus datos personales.<\/p>\n<p>[\/et_pb_text][et_pb_button admin_label=\u00bbBot\u00f3n Registro\u00bb button_url=\u00bbhttps:\/\/coopersive.bi.com.ar\/registro\/?c=EMPG-ZJU4-DGZJ\u00bb button_text=\u00bbRegistrate!\u00bb button_alignment=\u00bbleft\u00bb _builder_version=\u00bb3.14&#8243; background_layout=\u00bbdark\u00bb url_new_window=\u00bbon\u00bb]<\/p>\n<p>&nbsp;<\/p>\n<p>[\/et_pb_button][et_pb_button admin_label=\u00bbIngresar\u00bb button_url=\u00bbhttps:\/\/coopersive.bi.com.ar\/login\/?c=EMPG-ZJU4-DGZJ\u00bb button_text=\u00bbIngresa\u00bb button_alignment=\u00bbleft\u00bb _builder_version=\u00bb3.14&#8243; background_layout=\u00bbdark\u00bb url_new_window=\u00bbon\u00bb]<\/p>\n<p>&nbsp;<\/p>\n<p>[\/et_pb_button][\/et_pb_column][et_pb_column type=\u00bb2_5&#8243;][et_pb_text _builder_version=\u00bb3.14&#8243; text_text_color=\u00bb#ffffff\u00bb header_text_color=\u00bb#ffffff\u00bb]<\/p>\n<h1>Provincia NET<\/h1>\n<p>[\/et_pb_text][et_pb_button admin_label=\u00bbBot\u00f3n Provincia NET\u00bb _builder_version=\u00bb3.14&#8243; button_text=\u00bbPague su factura sin boleta\u00bb button_url=\u00bbhttps:\/\/pagosnet.provincianet.com.ar\/pagosnet\/public\/application\u00bb url_new_window=\u00bbon\u00bb background_layout=\u00bbdark\u00bb \/][\/et_pb_column][\/et_pb_row][\/et_pb_section][et_pb_section bb_built=\u00bb1&#8243; _builder_version=\u00bb3.0.47&#8243; prev_background_color=\u00bb#a546af\u00bb next_background_color=\u00bb#a546af\u00bb][et_pb_row _builder_version=\u00bb3.0.48&#8243; background_size=\u00bbinitial\u00bb background_position=\u00bbtop_left\u00bb background_repeat=\u00bbrepeat\u00bb][et_pb_column type=\u00bb4_4&#8243;][et_pb_text admin_label=\u00bbHistoria\u00bb _builder_version=\u00bb3.14&#8243;]<\/p>\n<h1 class=\"titulo-side\">Nuestra historia<\/h1>\n<p>La Cooperativa El\u00e9ctrica de Sierra de la Ventana naci\u00f3 el 24 de octubre de 1948, cuando los vecinos diez vecinos de la localidad conforman la primera comisi\u00f3n de trabajo para brindar el servicios p\u00fablicos, consumo, cr\u00e9dito y vivienda para la comarca.<\/p>\n<p>A lo largo de las seis d\u00e9cadas de vida, la cooperativa a ha sumado nuevas prestaciones para los vecinos manteni\u00e9ndose a la vanguardia de la innovaci\u00f3n en servicios.<\/p>\n<p>[\/et_pb_text][et_pb_button button_url=\u00bbhttps:\/\/coopersive.com.ar\/index.php\/historia-e-informacion-de-interes\/\u00bb button_text=\u00bbLeer mas\u00bb _builder_version=\u00bb3.14&#8243; custom_button=\u00bbon\u00bb button_bg_color_hover=\u00bb#6eb99e\u00bb background_layout=\u00bbdark\u00bb]<\/p>\n<p>&nbsp;<\/p>\n<p>[\/et_pb_button][\/et_pb_column][\/et_pb_row][\/et_pb_section][et_pb_section bb_built=\u00bb1&#8243; _builder_version=\u00bb3.14&#8243; background_color=\u00bb#a546af\u00bb prev_background_color=\u00bb#ffffff\u00bb next_background_color=\u00bb#ffffff\u00bb][et_pb_row _builder_version=\u00bb3.0.48&#8243; background_size=\u00bbinitial\u00bb background_position=\u00bbtop_left\u00bb background_repeat=\u00bbrepeat\u00bb][et_pb_column type=\u00bb1_2&#8243;][et_pb_text admin_label=\u00bbLugares de Pago\u00bb _builder_version=\u00bb3.14&#8243; text_text_color=\u00bb#ffffff\u00bb header_text_color=\u00bb#ffffff\u00bb]<\/p>\n<h1><i class=\"fa fa-university \" ><\/i> Lugares de Pago<\/h1>\n<ul>\n<li>Provincia NET Pagos. <a class=\"link-blanco\" href=\"https:\/\/pagosnet.provincianet.com.ar\/pagosnet\/public\/application\" target=\"_blank\" rel=\"noopener\">Ir a Provincia NET <i class=\"fas fa-external-link-alt \" ><\/i><\/a><\/li>\n<li>Cooperativa Obrera Ltda. todas las sucursales.<\/li>\n<li>Banco Credicoop Ltdo. todas las sucursales.<\/li>\n<li>Banco Provincia de Bs. Aires todas sus sucursales.<\/li>\n<li>Agencia Pares y Nones en Avda. San Mart\u00edn 195 de Sierra de la Ventana.<\/li>\n<li>Oficinas de Coopersive, Av. San Martin 60. D\u00e9bito y C\u00e9dito en horario de atenci\u00f3n.<\/li>\n<li>Red LINK.<\/li>\n<\/ul>\n<p>[\/et_pb_text][et_pb_button button_url=\u00bbhttps:\/\/coopersive.com.ar\/wp-content\/uploads\/2024\/07\/coopersive_instructivo_adhesion_home_banking.pdf\u00bb url_new_window=\u00bbon\u00bb button_text=\u00bbInstructivo Adhesi\u00f3n Home Banking\u00bb _builder_version=\u00bb3.14&#8243; background_layout=\u00bbdark\u00bb]<\/p>\n<p>&nbsp;<\/p>\n<p>[\/et_pb_button][\/et_pb_column][et_pb_column type=\u00bb1_2&#8243;][et_pb_text admin_label=\u00bbTelefonos Utiles\u00bb _builder_version=\u00bb3.14&#8243; text_text_color=\u00bb#ffffff\u00bb header_text_color=\u00bb#ffffff\u00bb]<\/p>\n<h1><i class=\"fa fa-phone \" ><\/i> Tel\u00e9fonos \u00datiles<\/h1>\n<ul>\n<li>Guardia Servicio El\u00e9ctrico: 0291-154413921<\/li>\n<li>Guardia Servicio Internet 291-5047284<\/li>\n<li>Oficina y fax: 0291-4915001 y 4915081<\/li>\n<li>Servicio Sepelios: 0291-4916134 y\/o 4915001<\/li>\n<li>Reclamo Agua Potable Barrio Golf: 291-5021448 y\/o 231-5076059<\/li>\n<li>L\u00edneas gratuitas 0800-333-1285 o 0800-333-0956<\/li>\n<\/ul>\n<p>[\/et_pb_text][\/et_pb_column][\/et_pb_row][\/et_pb_section][et_pb_section bb_built=\u00bb1&#8243; _builder_version=\u00bb3.0.47&#8243; prev_background_color=\u00bb#a546af\u00bb][et_pb_row _builder_version=\u00bb3.0.48&#8243; background_size=\u00bbinitial\u00bb background_position=\u00bbtop_left\u00bb background_repeat=\u00bbrepeat\u00bb][et_pb_column type=\u00bb2_3&#8243;][et_pb_text _builder_version=\u00bb3.14&#8243;]<\/p>\n<h1 class=\"titulo-side\">Ultimas noticias<\/h1>\n<p>[\/et_pb_text][et_pb_blog admin_label=\u00bbNoticias\u00bb fullwidth=\u00bboff\u00bb posts_number=\u00bb4&#8243; include_categories=\u00bb1&#8243; show_author=\u00bboff\u00bb show_pagination=\u00bboff\u00bb _builder_version=\u00bb3.14&#8243;]<\/p>\n<p>&nbsp;<\/p>\n<p>[\/et_pb_blog][\/et_pb_column][et_pb_column type=\u00bb1_3&#8243;][et_pb_text admin_label=\u00bbSubsidios\u00bb _builder_version=\u00bb3.14&#8243;]<\/p>\n<h2 class=\"titulo-side\">Subsidios de Energ\u00eda El\u00e9ctrica<\/h2>\n<p>Pod\u00e9s solicitar el subsidio desde este <a href=\"https:\/\/subsidios-energia.argentina.gob.ar\" target=\"_blank\" rel=\"noopener\">link<\/a>, en la aplicaci\u00f3n Mi Argentina o en la oficina de ANSES m\u00e1s cercana, solicitando turno por la p\u00e1gina web de <a href=\"https:\/\/www.anses.gov.ar\/turnos\" target=\"_blank\" rel=\"noopener\">Anses<\/a><\/p>\n<p>[\/et_pb_text][et_pb_text admin_label=\u00bbOCEBA\u00bb _builder_version=\u00bb3.14&#8243;]<\/p>\n<h2 class=\"titulo-side\"><i class=\"fa fa-user \" ><\/i> Se\u00f1or Consumidor<\/h2>\n<p><a href=\"http:\/\/www.oceba.gba.gov.ar\"><img loading=\"lazy\" class=\"alignnone size-medium wp-image-85\" src=\"https:\/\/coopersive.com.ar\/wp-content\/uploads\/2018\/10\/LOGO-OCEBA_SF-300x91.png\" alt=\"\" width=\"300\" height=\"91\" srcset=\"https:\/\/coopersive.com.ar\/wp-content\/uploads\/2018\/10\/LOGO-OCEBA_SF-300x91.png 300w, https:\/\/coopersive.com.ar\/wp-content\/uploads\/2018\/10\/LOGO-OCEBA_SF.png 560w\" sizes=\"(max-width: 300px) 100vw, 300px\" \/><\/a><br \/>\nUsted tiene derecho a realizar reclamos ante el OCEBA. <a class=\"link-blanco\" href=\"http:\/\/www.oceba.gba.gov.ar\">www.oceba.gba.gov.ar<\/a><br \/>\n<a class=\"link-blanco\" href=\"https:\/\/oceba.gba.gov.ar\/web\/s.php?i=100\" target=\"_blank\" rel=\"noopener noreferrer\"><span style=\"font-size: 16px;\"><i class=\"fa fa-calculator \" ><\/i> <\/span> CALCULADORA DE CONSUMOS<\/a><\/p>\n<p>[\/et_pb_text][et_pb_text admin_label=\u00bbSeguridad Electrica\u00bb _builder_version=\u00bb3.14&#8243;]<\/p>\n<h2 class=\"titulo-side\">Seguridad El\u00e9ctrica<\/h2>\n<p>Se\u00f1or Asociado: Los riesgos el\u00e9ctricos son una de las causas de accidente m\u00e1s frecuentes en los hogares, pero a la vez las menos conocidas. Los riesgos no se deben ignorar ya que se pueden prevenir siguiendo <a href=\"https:\/\/coopersive.com.ar\/index.php\/seguridad-electrica\/\">estas recomendaciones<\/a>.<\/p>\n<p>[\/et_pb_text][et_pb_button admin_label=\u00bbBot\u00f3n Seguridad en la v\u00eda p\u00fablica\u00bb _builder_version=\u00bb3.14&#8243; button_text=\u00bbSeguridad en la v\u00eda p\u00fablica\u00bb button_url=\u00bbhttps:\/\/coopersive.com.ar\/index.php\/seguridad-electrica\/\u00bb background_layout=\u00bbdark\u00bb \/][et_pb_button admin_label=\u00bbBot\u00f3n Seguridad en el hogar\u00bb _builder_version=\u00bb3.14&#8243; button_text=\u00bbSeguridad en el hogar\u00bb button_url=\u00bbhttps:\/\/coopersive.com.ar\/index.php\/seguridad-electrica\/#hogar\u00bb background_layout=\u00bbdark\u00bb \/][et_pb_text admin_label=\u00bbMora\u00bb _builder_version=\u00bb3.14&#8243;]<\/p>\n<h2 class=\"titulo-side\">Mora<\/h2>\n<p>Por pago fuera de t\u00e9rmino se aplicar\u00e1 en concepto de mora lo determinado por el Anexo E \u2013 Reglamento de Suministro y Conexi\u00f3n. Art. 5 inc. B) y Art. 9.En caso de suministros suspendidos por falta de pago, el tr\u00e1mite de rehabilitaci\u00f3n deber\u00e1 realizarse en nuestras oficinas<br \/>\n<i class=\"fa fa-plus-circle \" ><\/i> <a href=\"https:\/\/coopersive.com.ar\/wp-content\/uploads\/2018\/10\/de-su-interes.pdf\" target=\"_blank\" rel=\"noopener noreferrer\">Mas informaci\u00f3n<\/a><\/p>\n<p>[\/et_pb_text][\/et_pb_column][\/et_pb_row][\/et_pb_section]<\/p>\n","protected":false},"excerpt":{"rendered":"<p>[et_pb_section bb_built=\u00bb1&#8243; fullwidth=\u00bbon\u00bb _builder_version=\u00bb3.14&#8243; next_background_color=\u00bb#a546af\u00bb][et_pb_fullwidth_slider module_class=\u00bbfull-image-slider\u00bb _builder_version=\u00bb3.14&#8243; auto=\u00bbon\u00bb auto_speed=\u00bb5000&#8243;][et_pb_slide image=\u00bbhttps:\/\/coopersive.com.ar\/wp-content\/uploads\/2024\/07\/Banners-Coopersive-2.png\u00bb use_bg_overlay=\u00bboff\u00bb use_text_overlay=\u00bboff\u00bb _builder_version=\u00bb3.14&#8243; button_on_hover=\u00bbon\u00bb][\/et_pb_slide][et_pb_slide button_text=\u00bbConocer m\u00e1s\u00bb button_link=\u00bbhttps:\/\/coopersive.com.ar\/\u00bb image=\u00bbhttps:\/\/coopersive.com.ar\/wp-content\/uploads\/2024\/07\/Banners_FIBRA2.png\u00bb use_bg_overlay=\u00bboff\u00bb use_text_overlay=\u00bboff\u00bb admin_title=\u00bbFibra\u00bb _builder_version=\u00bb3.14&#8243; button_on_hover=\u00bbon\u00bb][\/et_pb_slide][et_pb_slide button_text=\u00bbConocer m\u00e1s\u00bb button_link=\u00bbhttps:\/\/coopersive.com.ar\/\u00bb image=\u00bbhttps:\/\/coopersive.com.ar\/wp-content\/uploads\/2024\/07\/Banners-TV3.png\u00bb use_bg_overlay=\u00bboff\u00bb use_text_overlay=\u00bboff\u00bb admin_title=\u00bbTV\u00bb _builder_version=\u00bb3.14&#8243; button_on_hover=\u00bbon\u00bb][\/et_pb_slide][\/et_pb_fullwidth_slider][\/et_pb_section][et_pb_section bb_built=\u00bb1&#8243; _builder_version=\u00bb3.14&#8243; background_color=\u00bb#a546af\u00bb prev_background_color=\u00bb#ffffff\u00bb next_background_color=\u00bb#ffffff\u00bb][et_pb_row _builder_version=\u00bb3.0.48&#8243; background_size=\u00bbinitial\u00bb background_position=\u00bbtop_left\u00bb background_repeat=\u00bbrepeat\u00bb][et_pb_column type=\u00bb3_5&#8243;][et_pb_text _builder_version=\u00bb3.14&#8243; text_text_color=\u00bb#ffffff\u00bb header_text_color=\u00bb#ffffff\u00bb] Nueva Coopersive Digital Recib\u00ed tus facturas v\u00eda email, whatsapp o [&hellip;]<\/p>\n","protected":false},"author":2,"featured_media":0,"parent":0,"menu_order":0,"comment_status":"closed","ping_status":"closed","template":"","meta":[],"_links":{"self":[{"href":"https:\/\/coopersive.com.ar\/index.php\/wp-json\/wp\/v2\/pages\/2984"}],"collection":[{"href":"https:\/\/coopersive.com.ar\/index.php\/wp-json\/wp\/v2\/pages"}],"about":[{"href":"https:\/\/coopersive.com.ar\/index.php\/wp-json\/wp\/v2\/types\/page"}],"author":[{"embeddable":true,"href":"https:\/\/coopersive.com.ar\/index.php\/wp-json\/wp\/v2\/users\/2"}],"replies":[{"embeddable":true,"href":"https:\/\/coopersive.com.ar\/index.php\/wp-json\/wp\/v2\/comments?post=2984"}],"version-history":[{"count":83,"href":"https:\/\/coopersive.com.ar\/index.php\/wp-json\/wp\/v2\/pages\/2984\/revisions"}],"predecessor-version":[{"id":3590,"href":"https:\/\/coopersive.com.ar\/index.php\/wp-json\/wp\/v2\/pages\/2984\/revisions\/3590"}],"wp:attachment":[{"href":"https:\/\/coopersive.com.ar\/index.php\/wp-json\/wp\/v2\/media?parent=2984"}],"curies":[{"name":"wp","href":"https:\/\/api.w.org\/{rel}","templated":true}]}}