
{"id":3353,"date":"2024-10-16T13:01:26","date_gmt":"2024-10-16T13:01:26","guid":{"rendered":"https:\/\/coopersive.com.ar\/?page_id=3353"},"modified":"2025-07-07T20:23:30","modified_gmt":"2025-07-07T20:23:30","slug":"seguridad-electrica","status":"publish","type":"page","link":"https:\/\/coopersive.com.ar\/index.php\/seguridad-electrica\/","title":{"rendered":"Seguridad El\u00e9ctrica"},"content":{"rendered":"<h2>Seguridad en la v\u00eda p\u00fablica<\/h2>\n<p>Le sugerimos a la poblaci\u00f3n las siguientes recomendaciones para transitar con seguridad por la v\u00eda p\u00fablica:<\/p>\n<ul>\n<li>Si encuentra un cable ca\u00eddo en la calle, evite acercarse, tocarlo o permitir que alguien m\u00e1s lo haga.<\/li>\n<li>Si nota que a la caja del medidor u otra caja o gabinete el\u00e9ctrico le falta la tapa, la misma se encuentra abierta o rota, no la toque.<\/li>\n<li>Si observa humo, vapor o fuego en instalaciones el\u00e9ctricas como cajas de medidores, transformadores u otras, mantenga distancia y no intentes extinguirlos. Llame a los bomberos.<\/li>\n<li>Ante postes ca\u00eddos, inclinados o quebrados, evite circular por esa zona.<\/li>\n<li>Si considera que una estructura met\u00e1lica, pilar o pared podr\u00eda estar electrificada, no act\u00faes por tu cuenta y mantenga distancia.<\/li>\n<li>En caso de \u00e1rboles con ramas en contacto con las redes el\u00e9ctricas, no intentes podarlos.<\/li>\n<\/ul>\n<p>En cualquiera de estas situaciones de aviso a la guardia de la Cooperativa El\u00e9ctrica, comunic\u00e1ndose al 291 441-3921, para que personal capacitado se ocupe de dar soluci\u00f3n al problema.<\/p>\n<h2 id=\"hogar\">Seguridad en el Hogar<\/h2>\n<h4>Evite conexiones con triples<\/h4>\n<ul>\n<li>No enchufe muchos electrodom\u00e9sticos en un mismo tomacorriente, ya que los cables de la instalaci\u00f3n pueden sufrir una sobrecarga y provocar calentamiento y cortocircuitos. Los adaptadores suelen interrumpir la conducci\u00f3n del cable de puesta a tierra, y ciertos dispositivos el\u00e9ctricos suelen utilizarlo para evitar choques el\u00e9ctricos en las personas.<\/li>\n<li>Evite el uso de extensiones o derivaciones improvisadas.<\/li>\n<\/ul>\n<h4>Fusibles, llaves y disyuntores<\/h4>\n<ul>\n<li>Verifique las protecciones t\u00e9rmicas y diferenciales. La carga utilizada debe ser adecuada para el circuito el\u00e9ctrico. Si no conoce la carga real de su casa contacte a un electricista matriculado.<\/li>\n<li>En caso de que se active la protecci\u00f3n t\u00e9rmica y diferencial, determine la causa antes de energizar nuevamente su hogar.<\/li>\n<li>Sustituya los antiguos fusibles por llaves termomagn\u00e9ticas y coloque protecciones diferenciales.<\/li>\n<li>Desconecte siempre la llave general antes de realizar una reparaci\u00f3n.<\/li>\n<\/ul>\n<p>En caso de dudas o fallas recurrentes dentro de su hogar contacte siempre a un electricista matriculado.<\/p>\n","protected":false},"excerpt":{"rendered":"<p>Seguridad en la v\u00eda p\u00fablica Le sugerimos a la poblaci\u00f3n las siguientes recomendaciones para transitar con seguridad por la v\u00eda p\u00fablica: Si encuentra un cable ca\u00eddo en la calle, evite acercarse, tocarlo o permitir que alguien m\u00e1s lo haga. Si nota que a la caja del medidor u otra caja o gabinete el\u00e9ctrico le falta [&hellip;]<\/p>\n","protected":false},"author":2,"featured_media":0,"parent":0,"menu_order":0,"comment_status":"closed","ping_status":"closed","template":"","meta":[],"_links":{"self":[{"href":"https:\/\/coopersive.com.ar\/index.php\/wp-json\/wp\/v2\/pages\/3353"}],"collection":[{"href":"https:\/\/coopersive.com.ar\/index.php\/wp-json\/wp\/v2\/pages"}],"about":[{"href":"https:\/\/coopersive.com.ar\/index.php\/wp-json\/wp\/v2\/types\/page"}],"author":[{"embeddable":true,"href":"https:\/\/coopersive.com.ar\/index.php\/wp-json\/wp\/v2\/users\/2"}],"replies":[{"embeddable":true,"href":"https:\/\/coopersive.com.ar\/index.php\/wp-json\/wp\/v2\/comments?post=3353"}],"version-history":[{"count":4,"href":"https:\/\/coopersive.com.ar\/index.php\/wp-json\/wp\/v2\/pages\/3353\/revisions"}],"predecessor-version":[{"id":3475,"href":"https:\/\/coopersive.com.ar\/index.php\/wp-json\/wp\/v2\/pages\/3353\/revisions\/3475"}],"wp:attachment":[{"href":"https:\/\/coopersive.com.ar\/index.php\/wp-json\/wp\/v2\/media?parent=3353"}],"curies":[{"name":"wp","href":"https:\/\/api.w.org\/{rel}","templated":true}]}}